{"id":82,"date":"2022-06-03T20:55:10","date_gmt":"2020-06-03T17:55:10","guid":{"rendered":"https:\/\/safirdemo.com\/atolye\/hakkimizda\/"},"modified":"2023-01-21T17:51:19","modified_gmt":"2023-01-21T14:51:19","slug":"hakkimizda","status":"publish","type":"page","link":"https:\/\/www.growia.com.tr\/index.php\/hakkimizda\/","title":{"rendered":"Hakk\u0131m\u0131zda"},"content":{"rendered":"\r\n<figure class=\"wp-block-image size-large\"><img decoding=\"async\" loading=\"lazy\" class=\"alignnone  wp-image-646\" src=\"https:\/\/www.growia.com.tr\/wp-content\/uploads\/2023\/01\/about-e1674312554600-300x157.png\" alt=\"\" width=\"837\" height=\"438\" srcset=\"https:\/\/www.growia.com.tr\/wp-content\/uploads\/2023\/01\/about-e1674312554600-300x157.png 300w, https:\/\/www.growia.com.tr\/wp-content\/uploads\/2023\/01\/about-e1674312554600-768x401.png 768w, https:\/\/www.growia.com.tr\/wp-content\/uploads\/2023\/01\/about-e1674312554600.png 1024w\" sizes=\"(max-width: 837px) 100vw, 837px\" \/><\/figure>\r\n\r\n\r\n\r\n<h2><span style=\"color: #000000;\">Tecr\u00fcbemiz ile besliyoruz&#8230;<\/span><\/h2>\r\n\r\n\r\n\r\n<div class=\"wp-block-safirtema-mainheading singleHeading mainHeading\">\r\n<div class=\"inner\">\r\n<div class=\"icon safiricon\">\u00a0<\/div>\r\n<p class=\"text\"><span style=\"color: #000000;\">Growia Nutritions firmas\u0131 olarak 2022 de kalite ve verimlilik i\u00e7in \u00e7\u0131kt\u0131\u011f\u0131m\u0131z bu yolda siz de\u011ferli \u00e7ift\u00e7ilerimize gen\u00e7, dinamik ve kendinden emin kadromuz ile g\u00fcvenilir, m\u00fc\u015fteri memnuniyeti, kaliteli hizmete odaklanarak \u00fcr\u00fcnlerimizi sunuyoruz. Markam\u0131z, Bitki besleme alan\u0131nda en kaliteli \u00fcr\u00fcnleri bulmak, ithal etmek ve Ar-Ge \u00e7al\u0131\u015fmas\u0131 yaparak \u00fcretmek ve siz de\u011ferli \u00e7ift\u00e7ilerimizle bulu\u015fturmak i\u00e7in \u00e7al\u0131\u015f\u0131yoruz. Hedefimiz Kaliteyi ve verimlili\u011fi \u00f6nce T\u00fcrk Tar\u0131m\u0131na daha sonra D\u00fcnya Tar\u0131m\u0131na yaymakt\u0131r. Katalo\u011fumuzda sizlere sundu\u011fumuz \u00fcr\u00fcnlerimizden ve \u00fcr\u00fcnlerinizin verimlili\u011fine ve kalitesine sa\u011flayaca\u011f\u0131 katk\u0131lardan memnun kalaca\u011f\u0131n\u0131z\u0131 ve bu menuniyetinizin bizler i\u00e7in b\u00fcy\u00fck bir ba\u015far\u0131n\u0131n ba\u015flang\u0131c\u0131 olaca\u011f\u0131na inan\u0131yoruz.<\/span><\/p>\r\n<\/div>\r\n<\/div>\r\n<div class=\"wp-block-columns\">\r\n<div class=\"wp-block-column\">\r\n<div class=\"wp-block-safirtema-mainheading singleHeading mainHeading\">\r\n<div class=\"inner\">\r\n<div class=\"text\"><span style=\"color: #000000;\">Misyonumuz<\/span><\/div>\r\n<\/div>\r\n<\/div>\r\n\r\n\r\n\r\n<p>Growia Nutritions olarak, T\u00fcrk tar\u0131m sekt\u00f6r\u00fcnde ba\u015flayan ser\u00fcvenimizin; \u00fcr\u00fcnlerimizin Ar-Ge \u00e7al\u0131\u015fmas\u0131n\u0131 yaparak ve g\u00f6zlemleyerek, t\u00fcm m\u00fc\u015fterilerimize teknik destek hizmeti vererek, kalitemizden \u015fa\u015fmadan emin ad\u0131mlarla, bitki besleme alan\u0131nda D\u00fcnya Tar\u0131m\u0131na yaymakt\u0131r.<\/p>\r\n<\/div>\r\n<!-- \/wp:column -->\r\n\r\n<!-- wp:column -->\r\n<div class=\"wp-block-column\"><!-- wp:safirtema\/mainheading {\"icon\":\"ekip\",\"text\":\"Vizyonumuz\",\"className\":\"mainHeading\"} -->\r\n<div class=\"wp-block-safirtema-mainheading singleHeading mainHeading\">\r\n<div class=\"inner\">\r\n<div class=\"icon safiricon\">\u00a0<\/div>\r\n<div class=\"text\"><span style=\"color: #000000;\">Vizyonumuz<\/span><\/div>\r\n<\/div>\r\n<\/div>\r\n<!-- \/wp:safirtema\/mainheading -->\r\n\r\n<!-- wp:paragraph -->\r\n<p>Yurti\u00e7inde ve yurtd\u0131\u015f\u0131nda m\u00fc\u015fterilerimize bitki besleme konusunda alan\u0131nda uzman ekibimiz ile bitkisel \u00fcretimde katma de\u011ferli \u00e7\u00f6z\u00fcmleri \u00fcr\u00fcnlerimizle ve hizmetimizle sunmak.<br \/>AR-GE yat\u0131r\u0131mlar\u0131 ile teknolojik geli\u015fmeleri \u00fcr\u00fcnlerimize yans\u0131tmak ve yeni teknolojileri ile yeni \u00fcr\u00fcnler \/ pazarlar yaratmak, G\u00fcvenilir, \u00e7\u00f6z\u00fcm sa\u011flay\u0131c\u0131, kendisini s\u00fcrekli geli\u015ftiren, daha iyi hizmet, daha mutlu m\u00fc\u015fteri, daha mutlu \u00e7al\u0131\u015fan felsefesini benimseyen bir organizasyon olu\u015fturmak,<\/p>\r\n<p>Etkin e\u011fitimler ile personel bilgi ve beceri geli\u015fimine imkan sa\u011flamak, se\u00e7kin \u00e7al\u0131\u015fanlar\u0131m\u0131zla i\u015f m\u00fckemmeliyetini hedefleyerek; m\u00fc\u015fterilerimizin bitkisel \u00fcretiminde zaman, kalite ve b\u00fct\u00e7e hedeflerini yakalayabilmelerini sa\u011flamak..<\/p>\r\n<!-- \/wp:paragraph --><\/div>\r\n<!-- \/wp:column --><\/div>\r\n<!-- \/wp:columns -->","protected":false},"excerpt":{"rendered":"<p>Tecr\u00fcbemiz ile besliyoruz&#8230; Growia Nutritions olarak, T\u00fcrk tar\u0131m sekt\u00f6r\u00fcnde ba\u015flayan ser\u00fcvenimizin; \u00fcr\u00fcnlerimizin Ar-Ge \u00e7al\u0131\u015fmas\u0131n\u0131 yaparak ve g\u00f6zlemleyerek, t\u00fcm m\u00fc\u015fterilerimize teknik destek hizmeti vererek, kalitemizden \u015fa\u015fmadan emin ad\u0131mlarla, bitki besleme alan\u0131nda D\u00fcnya Tar\u0131m\u0131na yaymakt\u0131r. \u00a0 Vizyonumuz Yurti\u00e7inde ve yurtd\u0131\u015f\u0131nda m\u00fc\u015fterilerimize bitki besleme konusunda alan\u0131nda uzman ekibimiz ile bitkisel \u00fcretimde katma de\u011ferli \u00e7\u00f6z\u00fcmleri \u00fcr\u00fcnlerimizle ve hizmetimizle sunmak.AR-GE [&hellip;]<\/p>\n","protected":false},"author":1,"featured_media":0,"parent":0,"menu_order":0,"comment_status":"closed","ping_status":"closed","template":"","meta":[],"_links":{"self":[{"href":"https:\/\/www.growia.com.tr\/index.php\/wp-json\/wp\/v2\/pages\/82"}],"collection":[{"href":"https:\/\/www.growia.com.tr\/index.php\/wp-json\/wp\/v2\/pages"}],"about":[{"href":"https:\/\/www.growia.com.tr\/index.php\/wp-json\/wp\/v2\/types\/page"}],"author":[{"embeddable":true,"href":"https:\/\/www.growia.com.tr\/index.php\/wp-json\/wp\/v2\/users\/1"}],"replies":[{"embeddable":true,"href":"https:\/\/www.growia.com.tr\/index.php\/wp-json\/wp\/v2\/comments?post=82"}],"version-history":[{"count":25,"href":"https:\/\/www.growia.com.tr\/index.php\/wp-json\/wp\/v2\/pages\/82\/revisions"}],"predecessor-version":[{"id":653,"href":"https:\/\/www.growia.com.tr\/index.php\/wp-json\/wp\/v2\/pages\/82\/revisions\/653"}],"wp:attachment":[{"href":"https:\/\/www.growia.com.tr\/index.php\/wp-json\/wp\/v2\/media?parent=82"}],"curies":[{"name":"wp","href":"https:\/\/api.w.org\/{rel}","templated":true}]}}