{"id":54,"date":"2022-06-03T19:36:23","date_gmt":"2020-06-03T16:36:23","guid":{"rendered":"https:\/\/safirdemo.com\/atolye\/foto-galeri-sayfali\/"},"modified":"2022-11-22T09:56:49","modified_gmt":"2022-11-22T06:56:49","slug":"foto-galeri-sayfali","status":"publish","type":"page","link":"https:\/\/www.growia.com.tr\/index.php\/foto-galeri-sayfali\/","title":{"rendered":"Foto Galeri (Sayfal\u0131)"},"content":{"rendered":"\n<p>Bu sayfada resimlerin yeni sayfada a\u00e7\u0131ld\u0131\u011f\u0131 bir galeri g\u00f6rmektesiniz. Ayn\u0131 galerinin lightbox ile a\u00e7\u0131lan haline <a href=\"https:\/\/www.growia.com.tr\/foto-galeri\/\" data-type=\"page\">buradan<\/a> ula\u015fabilirsiniz.<\/p>\n\n\n\n<figure class=\"is-layout-flex wp-block-gallery-1 wp-block-gallery has-nested-images columns-default is-cropped\">\n<figure class=\"wp-block-image size-large\"><a href=\"https:\/\/www.growia.com.tr\/foto-galeri-sayfali\/gallery00014\/\"><img decoding=\"async\" loading=\"lazy\" width=\"1024\" height=\"682\" data-id=\"105\"  src=\"https:\/\/www.growia.com.tr\/wp-content\/uploads\/2021\/10\/gallery00014-1-1024x682.jpeg\" alt=\"\" class=\"wp-image-105\" srcset=\"https:\/\/www.growia.com.tr\/wp-content\/uploads\/2021\/10\/gallery00014-1-1024x682.jpeg 1024w, https:\/\/www.growia.com.tr\/wp-content\/uploads\/2021\/10\/gallery00014-1-300x200.jpeg 300w, https:\/\/www.growia.com.tr\/wp-content\/uploads\/2021\/10\/gallery00014-1-768x512.jpeg 768w, https:\/\/www.growia.com.tr\/wp-content\/uploads\/2021\/10\/gallery00014-1.jpeg 1280w\" sizes=\"(max-width: 1024px) 100vw, 1024px\" \/><\/a><\/figure>\n\n\n\n<figure class=\"wp-block-image size-large\"><a href=\"https:\/\/www.growia.com.tr\/foto-galeri-sayfali\/gallery00013\/\"><img decoding=\"async\" loading=\"lazy\" width=\"1024\" height=\"664\" data-id=\"104\"  src=\"https:\/\/www.growia.com.tr\/wp-content\/uploads\/2021\/10\/gallery00013-1-1024x664.jpeg\" alt=\"\" class=\"wp-image-104\" srcset=\"https:\/\/www.growia.com.tr\/wp-content\/uploads\/2021\/10\/gallery00013-1-1024x664.jpeg 1024w, https:\/\/www.growia.com.tr\/wp-content\/uploads\/2021\/10\/gallery00013-1-300x195.jpeg 300w, https:\/\/www.growia.com.tr\/wp-content\/uploads\/2021\/10\/gallery00013-1-768x498.jpeg 768w, https:\/\/www.growia.com.tr\/wp-content\/uploads\/2021\/10\/gallery00013-1.jpeg 1280w\" sizes=\"(max-width: 1024px) 100vw, 1024px\" \/><\/a><\/figure>\n\n\n\n<figure class=\"wp-block-image size-large\"><a href=\"https:\/\/www.growia.com.tr\/foto-galeri-sayfali\/gallery00012\/\"><img decoding=\"async\" loading=\"lazy\" width=\"1024\" height=\"682\" data-id=\"103\"  src=\"https:\/\/www.growia.com.tr\/wp-content\/uploads\/2021\/10\/gallery00012-1-1024x682.jpeg\" alt=\"\" class=\"wp-image-103\" srcset=\"https:\/\/www.growia.com.tr\/wp-content\/uploads\/2021\/10\/gallery00012-1-1024x682.jpeg 1024w, https:\/\/www.growia.com.tr\/wp-content\/uploads\/2021\/10\/gallery00012-1-300x200.jpeg 300w, https:\/\/www.growia.com.tr\/wp-content\/uploads\/2021\/10\/gallery00012-1-768x512.jpeg 768w, https:\/\/www.growia.com.tr\/wp-content\/uploads\/2021\/10\/gallery00012-1.jpeg 1280w\" sizes=\"(max-width: 1024px) 100vw, 1024px\" \/><\/a><\/figure>\n\n\n\n<figure class=\"wp-block-image size-large\"><a href=\"https:\/\/www.growia.com.tr\/foto-galeri-sayfali\/gallery00011\/\"><img decoding=\"async\" loading=\"lazy\" width=\"1024\" height=\"682\" data-id=\"102\"  src=\"https:\/\/www.growia.com.tr\/wp-content\/uploads\/2021\/10\/gallery00011-1-1024x682.jpeg\" alt=\"\" class=\"wp-image-102\" srcset=\"https:\/\/www.growia.com.tr\/wp-content\/uploads\/2021\/10\/gallery00011-1-1024x682.jpeg 1024w, https:\/\/www.growia.com.tr\/wp-content\/uploads\/2021\/10\/gallery00011-1-300x200.jpeg 300w, https:\/\/www.growia.com.tr\/wp-content\/uploads\/2021\/10\/gallery00011-1-768x512.jpeg 768w, https:\/\/www.growia.com.tr\/wp-content\/uploads\/2021\/10\/gallery00011-1.jpeg 1280w\" sizes=\"(max-width: 1024px) 100vw, 1024px\" \/><\/a><\/figure>\n\n\n\n<figure class=\"wp-block-image size-large\"><a href=\"https:\/\/www.growia.com.tr\/foto-galeri-sayfali\/gallery00010\/\"><img decoding=\"async\" loading=\"lazy\" width=\"1024\" height=\"576\" data-id=\"101\"  src=\"https:\/\/www.growia.com.tr\/wp-content\/uploads\/2021\/10\/gallery00010-1-1024x576.jpeg\" alt=\"\" class=\"wp-image-101\" srcset=\"https:\/\/www.growia.com.tr\/wp-content\/uploads\/2021\/10\/gallery00010-1-1024x576.jpeg 1024w, https:\/\/www.growia.com.tr\/wp-content\/uploads\/2021\/10\/gallery00010-1-300x169.jpeg 300w, https:\/\/www.growia.com.tr\/wp-content\/uploads\/2021\/10\/gallery00010-1-768x432.jpeg 768w, https:\/\/www.growia.com.tr\/wp-content\/uploads\/2021\/10\/gallery00010-1.jpeg 1280w\" sizes=\"(max-width: 1024px) 100vw, 1024px\" \/><\/a><\/figure>\n\n\n\n<figure class=\"wp-block-image size-large\"><a href=\"https:\/\/www.growia.com.tr\/foto-galeri-sayfali\/gallery00009\/\"><img decoding=\"async\" loading=\"lazy\" width=\"1024\" height=\"683\" data-id=\"100\"  src=\"https:\/\/www.growia.com.tr\/wp-content\/uploads\/2021\/10\/gallery00009-1-1024x683.jpeg\" alt=\"\" class=\"wp-image-100\" srcset=\"https:\/\/www.growia.com.tr\/wp-content\/uploads\/2021\/10\/gallery00009-1-1024x683.jpeg 1024w, https:\/\/www.growia.com.tr\/wp-content\/uploads\/2021\/10\/gallery00009-1-300x200.jpeg 300w, https:\/\/www.growia.com.tr\/wp-content\/uploads\/2021\/10\/gallery00009-1-768x512.jpeg 768w, https:\/\/www.growia.com.tr\/wp-content\/uploads\/2021\/10\/gallery00009-1.jpeg 1280w\" sizes=\"(max-width: 1024px) 100vw, 1024px\" \/><\/a><\/figure>\n\n\n\n<figure class=\"wp-block-image size-large\"><a href=\"https:\/\/www.growia.com.tr\/foto-galeri-sayfali\/gallery00008\/\"><img decoding=\"async\" loading=\"lazy\" width=\"1024\" height=\"682\" data-id=\"99\"  src=\"https:\/\/www.growia.com.tr\/wp-content\/uploads\/2021\/10\/gallery00008-1-1024x682.jpeg\" alt=\"\" class=\"wp-image-99\" srcset=\"https:\/\/www.growia.com.tr\/wp-content\/uploads\/2021\/10\/gallery00008-1-1024x682.jpeg 1024w, https:\/\/www.growia.com.tr\/wp-content\/uploads\/2021\/10\/gallery00008-1-300x200.jpeg 300w, https:\/\/www.growia.com.tr\/wp-content\/uploads\/2021\/10\/gallery00008-1-768x511.jpeg 768w, https:\/\/www.growia.com.tr\/wp-content\/uploads\/2021\/10\/gallery00008-1.jpeg 1280w\" sizes=\"(max-width: 1024px) 100vw, 1024px\" \/><\/a><\/figure>\n\n\n\n<figure class=\"wp-block-image size-large\"><a href=\"https:\/\/www.growia.com.tr\/foto-galeri-sayfali\/gallery00007\/\"><img decoding=\"async\" loading=\"lazy\" width=\"1024\" height=\"682\" data-id=\"98\"  src=\"https:\/\/www.growia.com.tr\/wp-content\/uploads\/2021\/10\/gallery00007-1-1024x682.jpeg\" alt=\"\" class=\"wp-image-98\" srcset=\"https:\/\/www.growia.com.tr\/wp-content\/uploads\/2021\/10\/gallery00007-1-1024x682.jpeg 1024w, https:\/\/www.growia.com.tr\/wp-content\/uploads\/2021\/10\/gallery00007-1-300x200.jpeg 300w, https:\/\/www.growia.com.tr\/wp-content\/uploads\/2021\/10\/gallery00007-1-768x512.jpeg 768w, https:\/\/www.growia.com.tr\/wp-content\/uploads\/2021\/10\/gallery00007-1.jpeg 1280w\" sizes=\"(max-width: 1024px) 100vw, 1024px\" \/><\/a><\/figure>\n\n\n\n<figure class=\"wp-block-image size-large\"><a href=\"https:\/\/www.growia.com.tr\/foto-galeri-sayfali\/gallery00006\/\"><img decoding=\"async\" loading=\"lazy\" width=\"1024\" height=\"682\" data-id=\"97\"  src=\"https:\/\/www.growia.com.tr\/wp-content\/uploads\/2021\/10\/gallery00006-1-1024x682.jpeg\" alt=\"\" class=\"wp-image-97\" srcset=\"https:\/\/www.growia.com.tr\/wp-content\/uploads\/2021\/10\/gallery00006-1-1024x682.jpeg 1024w, https:\/\/www.growia.com.tr\/wp-content\/uploads\/2021\/10\/gallery00006-1-300x200.jpeg 300w, https:\/\/www.growia.com.tr\/wp-content\/uploads\/2021\/10\/gallery00006-1-768x512.jpeg 768w, https:\/\/www.growia.com.tr\/wp-content\/uploads\/2021\/10\/gallery00006-1.jpeg 1280w\" sizes=\"(max-width: 1024px) 100vw, 1024px\" \/><\/a><\/figure>\n\n\n\n<figure class=\"wp-block-image size-large\"><a href=\"https:\/\/www.growia.com.tr\/foto-galeri-sayfali\/gallery00005\/\"><img decoding=\"async\" loading=\"lazy\" width=\"1024\" height=\"682\" data-id=\"96\"  src=\"https:\/\/www.growia.com.tr\/wp-content\/uploads\/2021\/10\/gallery00005-1-1024x682.jpeg\" alt=\"\" class=\"wp-image-96\" srcset=\"https:\/\/www.growia.com.tr\/wp-content\/uploads\/2021\/10\/gallery00005-1-1024x682.jpeg 1024w, https:\/\/www.growia.com.tr\/wp-content\/uploads\/2021\/10\/gallery00005-1-300x200.jpeg 300w, https:\/\/www.growia.com.tr\/wp-content\/uploads\/2021\/10\/gallery00005-1-768x512.jpeg 768w, https:\/\/www.growia.com.tr\/wp-content\/uploads\/2021\/10\/gallery00005-1.jpeg 1280w\" sizes=\"(max-width: 1024px) 100vw, 1024px\" \/><\/a><\/figure>\n\n\n\n<figure class=\"wp-block-image size-large\"><a href=\"https:\/\/www.growia.com.tr\/foto-galeri-sayfali\/gallery00004\/\"><img decoding=\"async\" loading=\"lazy\" width=\"1024\" height=\"681\" data-id=\"95\"  src=\"https:\/\/www.growia.com.tr\/wp-content\/uploads\/2021\/10\/gallery00004-1-1024x681.jpeg\" alt=\"\" class=\"wp-image-95\" srcset=\"https:\/\/www.growia.com.tr\/wp-content\/uploads\/2021\/10\/gallery00004-1-1024x681.jpeg 1024w, https:\/\/www.growia.com.tr\/wp-content\/uploads\/2021\/10\/gallery00004-1-300x199.jpeg 300w, https:\/\/www.growia.com.tr\/wp-content\/uploads\/2021\/10\/gallery00004-1-768x511.jpeg 768w, https:\/\/www.growia.com.tr\/wp-content\/uploads\/2021\/10\/gallery00004-1.jpeg 1280w\" sizes=\"(max-width: 1024px) 100vw, 1024px\" \/><\/a><\/figure>\n\n\n\n<figure class=\"wp-block-image size-large\"><a href=\"https:\/\/www.growia.com.tr\/foto-galeri-sayfali\/gallery00003\/\"><img decoding=\"async\" loading=\"lazy\" width=\"1024\" height=\"682\" data-id=\"94\"  src=\"https:\/\/www.growia.com.tr\/wp-content\/uploads\/2021\/10\/gallery00003-1-1024x682.jpeg\" alt=\"\" class=\"wp-image-94\" srcset=\"https:\/\/www.growia.com.tr\/wp-content\/uploads\/2021\/10\/gallery00003-1-1024x682.jpeg 1024w, https:\/\/www.growia.com.tr\/wp-content\/uploads\/2021\/10\/gallery00003-1-300x200.jpeg 300w, https:\/\/www.growia.com.tr\/wp-content\/uploads\/2021\/10\/gallery00003-1-768x512.jpeg 768w, https:\/\/www.growia.com.tr\/wp-content\/uploads\/2021\/10\/gallery00003-1.jpeg 1280w\" sizes=\"(max-width: 1024px) 100vw, 1024px\" \/><\/a><\/figure>\n\n\n\n<figure class=\"wp-block-image size-large\"><a href=\"https:\/\/www.growia.com.tr\/foto-galeri-sayfali\/gallery00002\/\"><img decoding=\"async\" loading=\"lazy\" width=\"1024\" height=\"682\" data-id=\"93\"  src=\"https:\/\/www.growia.com.tr\/wp-content\/uploads\/2021\/10\/gallery00002-1-1024x682.jpeg\" alt=\"\" class=\"wp-image-93\" srcset=\"https:\/\/www.growia.com.tr\/wp-content\/uploads\/2021\/10\/gallery00002-1-1024x682.jpeg 1024w, https:\/\/www.growia.com.tr\/wp-content\/uploads\/2021\/10\/gallery00002-1-300x200.jpeg 300w, https:\/\/www.growia.com.tr\/wp-content\/uploads\/2021\/10\/gallery00002-1-768x512.jpeg 768w, https:\/\/www.growia.com.tr\/wp-content\/uploads\/2021\/10\/gallery00002-1.jpeg 1280w\" sizes=\"(max-width: 1024px) 100vw, 1024px\" \/><\/a><\/figure>\n\n\n\n<figure class=\"wp-block-image size-large\"><a href=\"https:\/\/www.growia.com.tr\/foto-galeri-sayfali\/gallery00001\/\"><img decoding=\"async\" loading=\"lazy\" width=\"1024\" height=\"682\" data-id=\"92\"  src=\"https:\/\/www.growia.com.tr\/wp-content\/uploads\/2021\/10\/gallery00001-1-1024x682.jpeg\" alt=\"\" class=\"wp-image-92\" srcset=\"https:\/\/www.growia.com.tr\/wp-content\/uploads\/2021\/10\/gallery00001-1-1024x682.jpeg 1024w, https:\/\/www.growia.com.tr\/wp-content\/uploads\/2021\/10\/gallery00001-1-300x200.jpeg 300w, https:\/\/www.growia.com.tr\/wp-content\/uploads\/2021\/10\/gallery00001-1-768x512.jpeg 768w, https:\/\/www.growia.com.tr\/wp-content\/uploads\/2021\/10\/gallery00001-1.jpeg 1280w\" sizes=\"(max-width: 1024px) 100vw, 1024px\" \/><\/a><\/figure>\n\n\n\n<figure class=\"wp-block-image size-large\"><a href=\"https:\/\/www.growia.com.tr\/foto-galeri-sayfali\/g00015-2\/\"><img decoding=\"async\" loading=\"lazy\" width=\"1024\" height=\"682\" data-id=\"272\"  src=\"https:\/\/www.growia.com.tr\/wp-content\/uploads\/2021\/10\/g00015-1-1-1024x682.jpeg\" alt=\"\" class=\"wp-image-272\" srcset=\"https:\/\/www.growia.com.tr\/wp-content\/uploads\/2021\/10\/g00015-1-1-1024x682.jpeg 1024w, https:\/\/www.growia.com.tr\/wp-content\/uploads\/2021\/10\/g00015-1-1-300x200.jpeg 300w, https:\/\/www.growia.com.tr\/wp-content\/uploads\/2021\/10\/g00015-1-1-768x512.jpeg 768w, https:\/\/www.growia.com.tr\/wp-content\/uploads\/2021\/10\/g00015-1-1.jpeg 1280w\" sizes=\"(max-width: 1024px) 100vw, 1024px\" \/><\/a><\/figure>\n<\/figure>\n","protected":false},"excerpt":{"rendered":"<p>Bu sayfada resimlerin yeni sayfada a\u00e7\u0131ld\u0131\u011f\u0131 bir galeri g\u00f6rmektesiniz. Ayn\u0131 galerinin lightbox ile a\u00e7\u0131lan haline buradan ula\u015fabilirsiniz.<\/p>\n","protected":false},"author":1,"featured_media":0,"parent":0,"menu_order":0,"comment_status":"closed","ping_status":"closed","template":"","meta":[],"_links":{"self":[{"href":"https:\/\/www.growia.com.tr\/index.php\/wp-json\/wp\/v2\/pages\/54"}],"collection":[{"href":"https:\/\/www.growia.com.tr\/index.php\/wp-json\/wp\/v2\/pages"}],"about":[{"href":"https:\/\/www.growia.com.tr\/index.php\/wp-json\/wp\/v2\/types\/page"}],"author":[{"embeddable":true,"href":"https:\/\/www.growia.com.tr\/index.php\/wp-json\/wp\/v2\/users\/1"}],"replies":[{"embeddable":true,"href":"https:\/\/www.growia.com.tr\/index.php\/wp-json\/wp\/v2\/comments?post=54"}],"version-history":[{"count":1,"href":"https:\/\/www.growia.com.tr\/index.php\/wp-json\/wp\/v2\/pages\/54\/revisions"}],"predecessor-version":[{"id":352,"href":"https:\/\/www.growia.com.tr\/index.php\/wp-json\/wp\/v2\/pages\/54\/revisions\/352"}],"wp:attachment":[{"href":"https:\/\/www.growia.com.tr\/index.php\/wp-json\/wp\/v2\/media?parent=54"}],"curies":[{"name":"wp","href":"https:\/\/api.w.org\/{rel}","templated":true}]}}